{"id":5039,"date":"2026-02-06T18:32:53","date_gmt":"2026-02-06T17:32:53","guid":{"rendered":"https:\/\/apartmentscasaconcha.com\/informacion-propiedad\/"},"modified":"2026-02-06T18:32:53","modified_gmt":"2026-02-06T17:32:53","slug":"informacion-propiedad","status":"publish","type":"page","link":"https:\/\/apartmentscasaconcha.com\/fr\/informacion-propiedad\/","title":{"rendered":"Informaci\u00f3n propiedad"},"content":{"rendered":"\t\t<div data-elementor-type=\"wp-page\" data-elementor-id=\"5039\" class=\"elementor elementor-5039 elementor-4993\" data-elementor-post-type=\"page\">\n\t\t\t\t<div class=\"elementor-element elementor-element-ba11367 e-con-full e-flex e-con e-parent\" data-id=\"ba11367\" data-element_type=\"container\" data-e-type=\"container\" data-settings=\"{&quot;background_background&quot;:&quot;classic&quot;,&quot;jet_parallax_layout_list&quot;:[]}\">\n\t\t\t\t<div class=\"elementor-element elementor-element-2ba2086 elementor-widget elementor-widget-shortcode\" data-id=\"2ba2086\" data-element_type=\"widget\" data-e-type=\"widget\" data-widget_type=\"shortcode.default\">\n\t\t\t\t<div class=\"elementor-widget-container\">\n\t\t\t\t\t\t\t<div class=\"elementor-shortcode\"><div class=\"hfy-wrap hfy-theme1 nopad\">Aucun ID d'annonce<\/div><\/div>\n\t\t\t\t\t\t<\/div>\n\t\t\t\t<\/div>\n\t\t\t\t<div class=\"elementor-element elementor-element-aaf1980 elementor-absolute elementor-hidden-mobile elementor-widget elementor-widget-button\" data-id=\"aaf1980\" data-element_type=\"widget\" data-e-type=\"widget\" id=\"boto-veure-galeria\" data-settings=\"{&quot;_position&quot;:&quot;absolute&quot;}\" data-widget_type=\"button.default\">\n\t\t\t\t<div class=\"elementor-widget-container\">\n\t\t\t\t\t\t\t\t\t<div class=\"elementor-button-wrapper\">\n\t\t\t\t\t<a class=\"elementor-button elementor-button-link elementor-size-sm elementor-animation-grow\" href=\"#\">\n\t\t\t\t\t\t<span class=\"elementor-button-content-wrapper\">\n\t\t\t\t\t\t<span class=\"elementor-button-icon\">\n\t\t\t\t<i aria-hidden=\"true\" class=\"far fa-images\"><\/i>\t\t\t<\/span>\n\t\t\t\t\t\t\t\t\t<span class=\"elementor-button-text\">Ver la galer\u00eda<\/span>\n\t\t\t\t\t<\/span>\n\t\t\t\t\t<\/a>\n\t\t\t\t<\/div>\n\t\t\t\t\t\t\t\t<\/div>\n\t\t\t\t<\/div>\n\t\t\t\t<div class=\"elementor-element elementor-element-b250a5f elementor-mobile-align-center elementor-hidden-desktop elementor-hidden-tablet elementor-widget elementor-widget-button\" data-id=\"b250a5f\" data-element_type=\"widget\" data-e-type=\"widget\" id=\"boto-veure-galeria\" data-widget_type=\"button.default\">\n\t\t\t\t<div class=\"elementor-widget-container\">\n\t\t\t\t\t\t\t\t\t<div class=\"elementor-button-wrapper\">\n\t\t\t\t\t<a class=\"elementor-button elementor-button-link elementor-size-sm elementor-animation-grow\" href=\"#\">\n\t\t\t\t\t\t<span class=\"elementor-button-content-wrapper\">\n\t\t\t\t\t\t<span class=\"elementor-button-icon\">\n\t\t\t\t<i aria-hidden=\"true\" class=\"far fa-images\"><\/i>\t\t\t<\/span>\n\t\t\t\t\t\t\t\t\t<span class=\"elementor-button-text\">Ver la galer\u00eda<\/span>\n\t\t\t\t\t<\/span>\n\t\t\t\t\t<\/a>\n\t\t\t\t<\/div>\n\t\t\t\t\t\t\t\t<\/div>\n\t\t\t\t<\/div>\n\t\t\t\t<div class=\"elementor-element elementor-element-0ae2753 elementor-widget elementor-widget-html\" data-id=\"0ae2753\" data-element_type=\"widget\" data-e-type=\"widget\" data-widget_type=\"html.default\">\n\t\t\t\t<div class=\"elementor-widget-container\">\n\t\t\t\t\t<script>\ndocument.addEventListener('DOMContentLoaded', function() {\n    \/\/ 1. Busquem el bot\u00f3 pel seu ID (que has d'haver posat a Elementor)\n    var botoGaleria = document.getElementById('boto-veure-galeria');\n    \n    \/\/ Si no troba l'ID, intentem buscar-lo com a selector de fallback per si de cas\n    if (!botoGaleria) {\n        \/\/ Aix\u00f2 busca qualsevol enlla\u00e7 que tingui el text \"Ver la galer\u00eda\" si l'ID falla\n        var allLinks = document.querySelectorAll('a.elementor-button');\n        allLinks.forEach(function(link) {\n            if(link.textContent.includes('Ver la galer\u00eda')) {\n                botoGaleria = link;\n            }\n        });\n    }\n\n    if(botoGaleria) {\n        botoGaleria.addEventListener('click', function(e) {\n            e.preventDefault(); \/\/ Evitem que recarregui la p\u00e0gina o pugi a dalt\n            \n            \/\/ 2. CORRECCI\u00d3: Busquem la classe real \".hfy-listing-gallery\"\n            \/\/ Busquem la primera imatge dins de la llista\n            var primeraImatge = document.querySelector('.hfy-listing-gallery .list .img-wrap img');\n            \n            \/\/ Si no troba la de la llista, busquem qualsevol imatge dins la galeria\n            if (!primeraImatge) {\n                primeraImatge = document.querySelector('.hfy-listing-gallery img');\n            }\n            \n            if(primeraImatge) {\n                \/\/ 3. Forcem el clic a la imatge mare (el span .img-wrap sol tenir l'event, no la img)\n                \/\/ Per\u00f2 sovint el clic a la img es propaga cap amunt. Provem els dos.\n                primeraImatge.click();\n                \n                \/\/ Si el clic a la img no va, intentem clicar al pare (el wrapper)\n                if(primeraImatge.parentElement) {\n                    primeraImatge.parentElement.click();\n                }\n            } else {\n                console.log(\"No s'ha trobat cap imatge a la galeria Hostify\");\n            }\n        });\n    }\n});\n<\/script>\t\t\t\t<\/div>\n\t\t\t\t<\/div>\n\t\t\t\t<\/div>\n\t\t<div class=\"elementor-element elementor-element-e838c38 e-flex e-con-boxed e-con e-parent\" data-id=\"e838c38\" data-element_type=\"container\" data-e-type=\"container\" data-settings=\"{&quot;background_background&quot;:&quot;classic&quot;,&quot;jet_parallax_layout_list&quot;:[]}\">\n\t\t\t\t\t<div class=\"e-con-inner\">\n\t\t\t\t<div class=\"elementor-element elementor-element-cd4cbdf elementor-widget elementor-widget-shortcode\" data-id=\"cd4cbdf\" data-element_type=\"widget\" data-e-type=\"widget\" data-widget_type=\"shortcode.default\">\n\t\t\t\t<div class=\"elementor-widget-container\">\n\t\t\t\t\t\t\t<div class=\"elementor-shortcode\"><div class=\"hfy-wrap hfy-theme1 \">Aucun ID d'annonce<\/div><\/div>\n\t\t\t\t\t\t<\/div>\n\t\t\t\t<\/div>\n\t\t\t\t<div class=\"elementor-element elementor-element-a6d3905 elementor-widget elementor-widget-shortcode\" data-id=\"a6d3905\" data-element_type=\"widget\" data-e-type=\"widget\" data-widget_type=\"shortcode.default\">\n\t\t\t\t<div class=\"elementor-widget-container\">\n\t\t\t\t\t\t\t<div class=\"elementor-shortcode\"><div class=\"hfy-wrap hfy-theme1 \">Aucun ID d'annonce<\/div><\/div>\n\t\t\t\t\t\t<\/div>\n\t\t\t\t<\/div>\n\t\t\t\t\t<\/div>\n\t\t\t\t<\/div>\n\t\t<div class=\"elementor-element elementor-element-e35d7d9 e-flex e-con-boxed e-con e-parent\" data-id=\"e35d7d9\" data-element_type=\"container\" data-e-type=\"container\" data-settings=\"{&quot;jet_parallax_layout_list&quot;:[]}\">\n\t\t\t\t\t<div class=\"e-con-inner\">\n\t\t<div class=\"elementor-element elementor-element-91ddd1f e-con-full e-flex e-con e-child\" data-id=\"91ddd1f\" data-element_type=\"container\" data-e-type=\"container\" data-settings=\"{&quot;jet_parallax_layout_list&quot;:[]}\">\n\t\t\t\t<div class=\"elementor-element elementor-element-c210de7 elementor-widget elementor-widget-heading\" data-id=\"c210de7\" data-element_type=\"widget\" data-e-type=\"widget\" data-widget_type=\"heading.default\">\n\t\t\t\t<div class=\"elementor-widget-container\">\n\t\t\t\t\t<h2 class=\"elementor-heading-title elementor-size-default\">Descripci\u00f3n<\/h2>\t\t\t\t<\/div>\n\t\t\t\t<\/div>\n\t\t\t\t<div class=\"elementor-element elementor-element-38d8cf5 elementor-widget elementor-widget-shortcode\" data-id=\"38d8cf5\" data-element_type=\"widget\" data-e-type=\"widget\" data-widget_type=\"shortcode.default\">\n\t\t\t\t<div class=\"elementor-widget-container\">\n\t\t\t\t\t\t\t<div class=\"elementor-shortcode\"><div class=\"hfy-wrap hfy-theme1 \">Aucun ID d'annonce<\/div><\/div>\n\t\t\t\t\t\t<\/div>\n\t\t\t\t<\/div>\n\t\t\t\t<div class=\"elementor-element elementor-element-ca2219f elementor-widget elementor-widget-heading\" data-id=\"ca2219f\" data-element_type=\"widget\" data-e-type=\"widget\" data-widget_type=\"heading.default\">\n\t\t\t\t<div class=\"elementor-widget-container\">\n\t\t\t\t\t<h2 class=\"elementor-heading-title elementor-size-default\">Servicios<\/h2>\t\t\t\t<\/div>\n\t\t\t\t<\/div>\n\t\t\t\t<div class=\"elementor-element elementor-element-edce03c elementor-widget__width-initial elementor-widget elementor-widget-shortcode\" data-id=\"edce03c\" data-element_type=\"widget\" data-e-type=\"widget\" data-widget_type=\"shortcode.default\">\n\t\t\t\t<div class=\"elementor-widget-container\">\n\t\t\t\t\t\t\t<div class=\"elementor-shortcode\"><div class=\"hfy-wrap hfy-theme1 \">Aucun ID d'annonce<\/div><\/div>\n\t\t\t\t\t\t<\/div>\n\t\t\t\t<\/div>\n\t\t\t\t<div class=\"elementor-element elementor-element-888a777 elementor-widget__width-initial elementor-widget elementor-widget-html\" data-id=\"888a777\" data-element_type=\"widget\" data-e-type=\"widget\" data-widget_type=\"html.default\">\n\t\t\t\t<div class=\"elementor-widget-container\">\n\t\t\t\t\t<button class=\"hfy-amenities-toggle\" onclick=\"document.querySelector('.hfy-listing-amenities').classList.toggle('show-all'); this.textContent = document.querySelector('.hfy-listing-amenities').classList.contains('show-all') ? 'Mostrar menos' : 'Mostrar todas las comodidades';\">Mostrar todas las comodidades<\/button>\t\t\t\t<\/div>\n\t\t\t\t<\/div>\n\t\t\t\t<div class=\"elementor-element elementor-element-bb704d5 elementor-widget elementor-widget-heading\" data-id=\"bb704d5\" data-element_type=\"widget\" data-e-type=\"widget\" data-widget_type=\"heading.default\">\n\t\t\t\t<div class=\"elementor-widget-container\">\n\t\t\t\t\t<h2 class=\"elementor-heading-title elementor-size-default\">Localizaci\u00f3n<\/h2>\t\t\t\t<\/div>\n\t\t\t\t<\/div>\n\t\t\t\t<div class=\"elementor-element elementor-element-e7f6b65 elementor-widget elementor-widget-shortcode\" data-id=\"e7f6b65\" data-element_type=\"widget\" data-e-type=\"widget\" data-widget_type=\"shortcode.default\">\n\t\t\t\t<div class=\"elementor-widget-container\">\n\t\t\t\t\t\t\t<div class=\"elementor-shortcode\"><div class=\"hfy-wrap hfy-theme1 \">Aucun ID d'annonce<\/div><\/div>\n\t\t\t\t\t\t<\/div>\n\t\t\t\t<\/div>\n\t\t\t\t<div class=\"elementor-element elementor-element-9e365e0 elementor-widget elementor-widget-heading\" data-id=\"9e365e0\" data-element_type=\"widget\" data-e-type=\"widget\" data-widget_type=\"heading.default\">\n\t\t\t\t<div class=\"elementor-widget-container\">\n\t\t\t\t\t<h2 class=\"elementor-heading-title elementor-size-default\">Opiniones<\/h2>\t\t\t\t<\/div>\n\t\t\t\t<\/div>\n\t\t\t\t<div class=\"elementor-element elementor-element-4a9c18b elementor-widget elementor-widget-shortcode\" data-id=\"4a9c18b\" data-element_type=\"widget\" data-e-type=\"widget\" data-widget_type=\"shortcode.default\">\n\t\t\t\t<div class=\"elementor-widget-container\">\n\t\t\t\t\t\t\t<div class=\"elementor-shortcode\"><div class=\"hfy-wrap hfy-theme1 \">Aucun ID d'annonce<\/div><\/div>\n\t\t\t\t\t\t<\/div>\n\t\t\t\t<\/div>\n\t\t\t\t<div class=\"elementor-element elementor-element-a8fe099 elementor-widget elementor-widget-shortcode\" data-id=\"a8fe099\" data-element_type=\"widget\" data-e-type=\"widget\" data-widget_type=\"shortcode.default\">\n\t\t\t\t<div class=\"elementor-widget-container\">\n\t\t\t\t\t\t\t<div class=\"elementor-shortcode\"><div class=\"hfy-wrap hfy-theme1 \">Aucun ID d'annonce<\/div><\/div>\n\t\t\t\t\t\t<\/div>\n\t\t\t\t<\/div>\n\t\t\t\t<\/div>\n\t\t<div class=\"elementor-element elementor-element-db515a8 e-con-full e-flex e-con e-child\" data-id=\"db515a8\" data-element_type=\"container\" data-e-type=\"container\" data-settings=\"{&quot;jet_parallax_layout_list&quot;:[],&quot;sticky&quot;:&quot;top&quot;,&quot;sticky_offset&quot;:30,&quot;sticky_effects_offset&quot;:30,&quot;sticky_anchor_link_offset&quot;:30,&quot;sticky_parent&quot;:&quot;yes&quot;,&quot;sticky_on&quot;:[&quot;desktop&quot;]}\">\n\t\t\t\t<div class=\"elementor-element elementor-element-f7ac71e elementor-widget elementor-widget-shortcode\" data-id=\"f7ac71e\" data-element_type=\"widget\" data-e-type=\"widget\" data-widget_type=\"shortcode.default\">\n\t\t\t\t<div class=\"elementor-widget-container\">\n\t\t\t\t\t\t\t<div class=\"elementor-shortcode\"><div class=\"hfy-wrap hfy-theme1 \">Aucun ID d'annonce<\/div><\/div>\n\t\t\t\t\t\t<\/div>\n\t\t\t\t<\/div>\n\t\t\t\t<\/div>\n\t\t\t\t\t<\/div>\n\t\t\t\t<\/div>\n\t\t\t\t<\/div>\n\t\t","protected":false},"excerpt":{"rendered":"<p>Ver la galer\u00eda Ver la galer\u00eda Descripci\u00f3n Servicios Mostrar todas las comodidades Localizaci\u00f3n Opiniones<\/p>\n","protected":false},"author":1,"featured_media":0,"parent":0,"menu_order":0,"comment_status":"closed","ping_status":"closed","template":"","meta":{"footnotes":""},"class_list":["post-5039","page","type-page","status-publish","hentry"],"yoast_head":"<!-- This site is optimized with the Yoast SEO plugin v26.9 - https:\/\/yoast.com\/product\/yoast-seo-wordpress\/ -->\n<title>Informaci\u00f3n propiedad - Apartments Casa Concha<\/title>\n<meta name=\"robots\" content=\"index, follow, max-snippet:-1, max-image-preview:large, max-video-preview:-1\" \/>\n<link rel=\"canonical\" href=\"https:\/\/apartmentscasaconcha.com\/fr\/informacion-propiedad\/\" \/>\n<meta property=\"og:locale\" content=\"fr_FR\" \/>\n<meta property=\"og:type\" content=\"article\" \/>\n<meta property=\"og:title\" content=\"Informaci\u00f3n propiedad - Apartments Casa Concha\" \/>\n<meta property=\"og:description\" content=\"Ver la galer\u00eda Ver la galer\u00eda Descripci\u00f3n Servicios Mostrar todas las comodidades Localizaci\u00f3n Opiniones\" \/>\n<meta property=\"og:url\" content=\"https:\/\/apartmentscasaconcha.com\/fr\/informacion-propiedad\/\" \/>\n<meta property=\"og:site_name\" content=\"Apartments Casa Concha\" \/>\n<meta name=\"twitter:card\" content=\"summary_large_image\" \/>\n<script type=\"application\/ld+json\" class=\"yoast-schema-graph\">{\"@context\":\"https:\/\/schema.org\",\"@graph\":[{\"@type\":\"WebPage\",\"@id\":\"https:\/\/apartmentscasaconcha.com\/fr\/informacion-propiedad\/\",\"url\":\"https:\/\/apartmentscasaconcha.com\/fr\/informacion-propiedad\/\",\"name\":\"Informaci\u00f3n propiedad - Apartments Casa Concha\",\"isPartOf\":{\"@id\":\"https:\/\/apartmentscasaconcha.com\/fr\/#website\"},\"datePublished\":\"2026-02-06T17:32:53+00:00\",\"breadcrumb\":{\"@id\":\"https:\/\/apartmentscasaconcha.com\/fr\/informacion-propiedad\/#breadcrumb\"},\"inLanguage\":\"fr-FR\",\"potentialAction\":[{\"@type\":\"ReadAction\",\"target\":[\"https:\/\/apartmentscasaconcha.com\/fr\/informacion-propiedad\/\"]}]},{\"@type\":\"BreadcrumbList\",\"@id\":\"https:\/\/apartmentscasaconcha.com\/fr\/informacion-propiedad\/#breadcrumb\",\"itemListElement\":[{\"@type\":\"ListItem\",\"position\":1,\"name\":\"Portada\",\"item\":\"https:\/\/apartmentscasaconcha.com\/fr\/\"},{\"@type\":\"ListItem\",\"position\":2,\"name\":\"Informaci\u00f3n propiedad\"}]},{\"@type\":\"WebSite\",\"@id\":\"https:\/\/apartmentscasaconcha.com\/fr\/#website\",\"url\":\"https:\/\/apartmentscasaconcha.com\/fr\/\",\"name\":\"Apartments Casa Concha\",\"description\":\"Apartamentos en primera l\u00ednea de mar en Calella de Palafrugell\",\"potentialAction\":[{\"@type\":\"SearchAction\",\"target\":{\"@type\":\"EntryPoint\",\"urlTemplate\":\"https:\/\/apartmentscasaconcha.com\/fr\/?s={search_term_string}\"},\"query-input\":{\"@type\":\"PropertyValueSpecification\",\"valueRequired\":true,\"valueName\":\"search_term_string\"}}],\"inLanguage\":\"fr-FR\"}]}<\/script>\n<!-- \/ Yoast SEO plugin. -->","yoast_head_json":{"title":"Informaci\u00f3n propiedad - Apartments Casa Concha","robots":{"index":"index","follow":"follow","max-snippet":"max-snippet:-1","max-image-preview":"max-image-preview:large","max-video-preview":"max-video-preview:-1"},"canonical":"https:\/\/apartmentscasaconcha.com\/fr\/informacion-propiedad\/","og_locale":"fr_FR","og_type":"article","og_title":"Informaci\u00f3n propiedad - Apartments Casa Concha","og_description":"Ver la galer\u00eda Ver la galer\u00eda Descripci\u00f3n Servicios Mostrar todas las comodidades Localizaci\u00f3n Opiniones","og_url":"https:\/\/apartmentscasaconcha.com\/fr\/informacion-propiedad\/","og_site_name":"Apartments Casa Concha","twitter_card":"summary_large_image","schema":{"@context":"https:\/\/schema.org","@graph":[{"@type":"WebPage","@id":"https:\/\/apartmentscasaconcha.com\/fr\/informacion-propiedad\/","url":"https:\/\/apartmentscasaconcha.com\/fr\/informacion-propiedad\/","name":"Informaci\u00f3n propiedad - Apartments Casa Concha","isPartOf":{"@id":"https:\/\/apartmentscasaconcha.com\/fr\/#website"},"datePublished":"2026-02-06T17:32:53+00:00","breadcrumb":{"@id":"https:\/\/apartmentscasaconcha.com\/fr\/informacion-propiedad\/#breadcrumb"},"inLanguage":"fr-FR","potentialAction":[{"@type":"ReadAction","target":["https:\/\/apartmentscasaconcha.com\/fr\/informacion-propiedad\/"]}]},{"@type":"BreadcrumbList","@id":"https:\/\/apartmentscasaconcha.com\/fr\/informacion-propiedad\/#breadcrumb","itemListElement":[{"@type":"ListItem","position":1,"name":"Portada","item":"https:\/\/apartmentscasaconcha.com\/fr\/"},{"@type":"ListItem","position":2,"name":"Informaci\u00f3n propiedad"}]},{"@type":"WebSite","@id":"https:\/\/apartmentscasaconcha.com\/fr\/#website","url":"https:\/\/apartmentscasaconcha.com\/fr\/","name":"Apartments Casa Concha","description":"Apartamentos en primera l\u00ednea de mar en Calella de Palafrugell","potentialAction":[{"@type":"SearchAction","target":{"@type":"EntryPoint","urlTemplate":"https:\/\/apartmentscasaconcha.com\/fr\/?s={search_term_string}"},"query-input":{"@type":"PropertyValueSpecification","valueRequired":true,"valueName":"search_term_string"}}],"inLanguage":"fr-FR"}]}},"_links":{"self":[{"href":"https:\/\/apartmentscasaconcha.com\/fr\/wp-json\/wp\/v2\/pages\/5039","targetHints":{"allow":["GET"]}}],"collection":[{"href":"https:\/\/apartmentscasaconcha.com\/fr\/wp-json\/wp\/v2\/pages"}],"about":[{"href":"https:\/\/apartmentscasaconcha.com\/fr\/wp-json\/wp\/v2\/types\/page"}],"author":[{"embeddable":true,"href":"https:\/\/apartmentscasaconcha.com\/fr\/wp-json\/wp\/v2\/users\/1"}],"replies":[{"embeddable":true,"href":"https:\/\/apartmentscasaconcha.com\/fr\/wp-json\/wp\/v2\/comments?post=5039"}],"version-history":[{"count":0,"href":"https:\/\/apartmentscasaconcha.com\/fr\/wp-json\/wp\/v2\/pages\/5039\/revisions"}],"wp:attachment":[{"href":"https:\/\/apartmentscasaconcha.com\/fr\/wp-json\/wp\/v2\/media?parent=5039"}],"curies":[{"name":"wp","href":"https:\/\/api.w.org\/{rel}","templated":true}]}}