{"id":2697,"date":"2022-05-18T11:32:08","date_gmt":"2022-05-18T09:32:08","guid":{"rendered":"http:\/\/apartmentscasaconcha.com\/historia\/"},"modified":"2026-02-06T19:15:12","modified_gmt":"2026-02-06T18:15:12","slug":"historia","status":"publish","type":"page","link":"https:\/\/apartmentscasaconcha.com\/fr\/historia\/","title":{"rendered":"Historia"},"content":{"rendered":"\t\t<div data-elementor-type=\"wp-page\" data-elementor-id=\"2697\" class=\"elementor elementor-2697 elementor-2693\" data-elementor-post-type=\"page\">\n\t\t\t\t\t\t<section class=\"elementor-section elementor-top-section elementor-element elementor-element-365aa54 elementor-section-full_width elementor-section-stretched elementor-section-height-default elementor-section-height-default\" data-id=\"365aa54\" data-element_type=\"section\" data-e-type=\"section\" data-settings=\"{&quot;stretch_section&quot;:&quot;section-stretched&quot;,&quot;jet_parallax_layout_list&quot;:[]}\">\n\t\t\t\t\t\t<div class=\"elementor-container elementor-column-gap-no\">\n\t\t\t\t\t<div class=\"elementor-column elementor-col-100 elementor-top-column elementor-element elementor-element-435c8b2\" data-id=\"435c8b2\" data-element_type=\"column\" data-e-type=\"column\">\n\t\t\t<div class=\"elementor-widget-wrap elementor-element-populated\">\n\t\t\t\t\t\t<div class=\"elementor-element elementor-element-ce4bb77 elementor-widget elementor-widget-image\" data-id=\"ce4bb77\" data-element_type=\"widget\" data-e-type=\"widget\" data-widget_type=\"image.default\">\n\t\t\t\t<div class=\"elementor-widget-container\">\n\t\t\t\t\t\t\t\t\t\t\t\t\t\t\t<img fetchpriority=\"high\" decoding=\"async\" width=\"1920\" height=\"499\" src=\"https:\/\/apartmentscasaconcha.com\/wp-content\/uploads\/2022\/05\/bannerh.jpg\" class=\"attachment-full size-full wp-image-2876\" alt=\"\" srcset=\"https:\/\/apartmentscasaconcha.com\/wp-content\/uploads\/2022\/05\/bannerh.jpg 1920w, https:\/\/apartmentscasaconcha.com\/wp-content\/uploads\/2022\/05\/bannerh-300x78.jpg 300w, https:\/\/apartmentscasaconcha.com\/wp-content\/uploads\/2022\/05\/bannerh-1024x266.jpg 1024w, https:\/\/apartmentscasaconcha.com\/wp-content\/uploads\/2022\/05\/bannerh-768x200.jpg 768w, https:\/\/apartmentscasaconcha.com\/wp-content\/uploads\/2022\/05\/bannerh-1536x399.jpg 1536w\" sizes=\"(max-width: 1920px) 100vw, 1920px\" \/>\t\t\t\t\t\t\t\t\t\t\t\t\t\t\t<\/div>\n\t\t\t\t<\/div>\n\t\t\t\t\t<\/div>\n\t\t<\/div>\n\t\t\t\t\t<\/div>\n\t\t<\/section>\n\t\t\t\t<section class=\"elementor-section elementor-top-section elementor-element elementor-element-01808b1 elementor-section-boxed elementor-section-height-default elementor-section-height-default\" data-id=\"01808b1\" data-element_type=\"section\" data-e-type=\"section\" data-settings=\"{&quot;jet_parallax_layout_list&quot;:[]}\">\n\t\t\t\t\t\t<div class=\"elementor-container elementor-column-gap-default\">\n\t\t\t\t\t<div class=\"elementor-column elementor-col-100 elementor-top-column elementor-element elementor-element-7b0b711\" data-id=\"7b0b711\" data-element_type=\"column\" data-e-type=\"column\">\n\t\t\t<div class=\"elementor-widget-wrap elementor-element-populated\">\n\t\t\t\t\t\t<div class=\"elementor-element elementor-element-bb4d9ed elementor-widget elementor-widget-text-editor\" data-id=\"bb4d9ed\" data-element_type=\"widget\" data-e-type=\"widget\" data-widget_type=\"text-editor.default\">\n\t\t\t\t<div class=\"elementor-widget-container\">\n\t\t\t\t\t\t\t\t\t<p>Casa Concha fue construida por el empresario del corcho Manel Jubert de Palafrugell en 1915 como casa de verano, siendo nosotros la cuarta generaci\u00f3n propiedad de la casa.<\/p><p>Do\u00f1a Concha Coderch, esposa de Pere Jubert, oriunda de Madrid, disfrut\u00f3 de la casa de la mano de su marido Pere Jubert, gran navegamente y muy amigo de sus amigos, entre ellos Josep Pla quien le dedic\u00f3 el pr\u00f3logo de su libro Notes de Capvesprol.<\/p><p><img decoding=\"async\" class=\"size-full wp-image-2699 alignleft\" src=\"http:\/\/apartmentscasaconcha.com\/wp-content\/uploads\/2022\/05\/41sBS9zsanL-200x300-1.jpg\" alt=\"\" width=\"200\" height=\"300\" \/><\/p><p>\u201cQuan jo era adolescent vaig tenir molta relaci\u00f3, a Calella de Palafrugell, amb el senyor Pere Jubert, fill de don Manuel Jubert, que tenia, a la vila, una f\u00e0brica de taps que venia a Anglaterra, per tapar les ampolles de whisky. El vell senyor Jubert es constru\u00ed una casa a pla\u00e7a Nova de Palafrugell i hi pos\u00e0, com a ins\u00edgnia nobili\u00e0ria, una bala de taps i res m\u00e9s. El vell senyor Jubert \u2013que ara veig com si visqu\u00e9s\u2013 fou un home d\u2019estatura petita per\u00f2 de veu fosca i contundent. Sempre tingu\u00e9 una tartana i un cavall i un mosso que en deien el mosso de can Jubert. La fam\u00edlia Jubert tingu\u00e9 sempre relaci\u00f3 amb la fam\u00edlia Patxot, de Sant Feliu de Gu\u00edxols, fam\u00edlia enormement rica, que feia de vegades excursions per la costa, en una barca de la seva propietat, en la qual sempre es trobava, com a invitat, el compositor Juli Garreta. Solien fer escala a Calella per saludar els Jubert, i \u00e9s per aquesta ra\u00f3 que vaig con\u00e8ixer, essent molt jove, el m\u00fasic Garreta.<\/p><p>El senyor Pere Jubert fou molt donat a pescar i a navegar per les costes de Calella. En un\u00a0<a href=\"https:\/\/ca.wikipedia.org\/wiki\/Gussi\">gussi<\/a>\u00a0de la seva propietat, que tenia un pal i una\u00a0<a href=\"http:\/\/ca.wikipedia.org\/wiki\/Vela_llatina\">vela de martell<\/a>, anava a cap de Planes, a les Formigues, al cap de Sant Sebasti\u00e0 i fins i tot als Ullastres, que s\u00f3n uns rocs que hi ha sobre el cap i que tenen fama de ser molt peixaters. Ara, el m\u00f3n del senyor Pere \u2013que de vegades parlava enrogallat com el seu pare \u2013era el cap de Planes, Font Morisca, cap Roig i els Forcats. A l\u2019hora baixa, hora foscant, el senyor Jubert arribava a la platja de davant del seu domicili indefectiblement. Sempre havia pescat una cosa o altra, i aix\u00f2 li representava un sopar de peix fresc. De vegades em trobava en aquella platja i l\u2019ajudava a hissar el bot en terra. Parlo ara de l\u2019estiu. El vent de garb\u00ed havia parat a les set, hora del sol \u2013el vent de garb\u00ed, a les set a dormir\u2013, i la calma de vent era total en el pa\u00eds. El mar no es movia. El crepuscle feia una bassa d\u2019oli. El nostre petit m\u00f3n semblava susp\u00e8s.<\/p><p>\u2013Senyor Pere \u2013li vaig dir un dia\u2013, deu haver remat molt, per arribar a Calella.<\/p><p>\u2013No senyor! \u2013em respongu\u00e9 rient\u2013. He hissat el tall de vela que porto al pal i he arribat a Calella, amb calma, perfectament.<\/p><p>\u2014Per\u00f2, perdoni, el vent de garb\u00ed s\u2019ha calmat a les set.<\/p><p>\u2013He vingut amb el capvesprol, en popa rod\u00f3.<\/p><p>\u2013Perdoni, qu\u00e8 \u00e9s el\u00a0<em>capvesprol<\/em>? \u00c9s una paraula que no havia sentit a dir mai.<\/p><p>\u2013El capvesprol \u00e9s una ramiola de vent, que es produeix quan para el vent de garb\u00ed. Vaig sentir la ramiola al clatell, vaig hissar el tros de vela que porto i amb la calma corresponent fins aqu\u00ed.<\/p><p>El capvesprol\u2026 La paraula \u00e9s bonica.<\/p><p>Sebasti\u00e0 Puig (a) Herm\u00f3s no estigu\u00e9 mai conforme amb aquesta paraula. Del capvesprol, ell en deia el vent penyal. El vent de les penyes \u2013el vent que baixa, en una costa abrupta, de la costa del litoral. Un dia, trobant\u2013nos l\u2019Herm\u00f3s i jo sobre el cap de Salines, a l\u2019inici de la costa de Torroella, en una calma blanca, em digu\u00e9:<\/p><p>\u2013Ara enfilarem el coster de Torroella i amb el vent penyal arribarem a la Clota, perfectament, i a Riells. De Riells fins a l\u2019Escala haurem de remar com uns for\u00e7ats. A Riells la costa \u00e9s baixa, i, si \u00e9s calma, no hi fa cap vent.<\/p><p>I aix\u00ed fou exactament.<\/p><p>El senyor Pere Jubert, de la ramiola de vent que es produeix quan amaina el vent de garb\u00ed \u2013s\u2019ent\u00e9n sempre a l\u2019estiu i amb bon temps\u2013, en deia el capvesprol. L\u2019Herm\u00f3s en deia el vent penyal \u2013sempre que la costa fos abrupta. Ara, els espais de la costa en qu\u00e8 es produ\u00efren aquests noms s\u00f3n molt iguals. Ara: el vent penyal \u00e9s molt exacte; per\u00f2 el capvesprol m\u2019agrada m\u00e9s. Potser m\u2019equivoco. \u00c9s per aquesta ra\u00f3 que he titulat aquest llibre \u00abNotes del capvesprol\u00bb. Qu\u00e8 podia fer? Jo s\u00f3c un home d\u2019aquest pa\u00eds.\u201d<\/p>\t\t\t\t\t\t\t\t<\/div>\n\t\t\t\t<\/div>\n\t\t\t\t\t<\/div>\n\t\t<\/div>\n\t\t\t\t\t<\/div>\n\t\t<\/section>\n\t\t\t\t<\/div>\n\t\t","protected":false},"excerpt":{"rendered":"<p>Casa Concha fue construida por el empresario del corcho Manel Jubert de Palafrugell en 1915 como casa de verano, siendo nosotros la cuarta generaci\u00f3n propiedad de la casa. Do\u00f1a Concha Coderch, esposa de Pere Jubert, oriunda de Madrid, disfrut\u00f3 de la casa de la mano de su marido Pere Jubert, gran navegamente y muy amigo [&hellip;]<\/p>\n","protected":false},"author":1,"featured_media":0,"parent":0,"menu_order":0,"comment_status":"closed","ping_status":"closed","template":"","meta":{"footnotes":""},"class_list":["post-2697","page","type-page","status-publish","hentry"],"yoast_head":"<!-- This site is optimized with the Yoast SEO plugin v26.9 - https:\/\/yoast.com\/product\/yoast-seo-wordpress\/ -->\n<title>Historia - Apartments Casa Concha<\/title>\n<meta name=\"robots\" content=\"index, follow, max-snippet:-1, max-image-preview:large, max-video-preview:-1\" \/>\n<link rel=\"canonical\" href=\"https:\/\/apartmentscasaconcha.com\/fr\/historia\/\" \/>\n<meta property=\"og:locale\" content=\"fr_FR\" \/>\n<meta property=\"og:type\" content=\"article\" \/>\n<meta property=\"og:title\" content=\"Historia - Apartments Casa Concha\" \/>\n<meta property=\"og:description\" content=\"Casa Concha fue construida por el empresario del corcho Manel Jubert de Palafrugell en 1915 como casa de verano, siendo nosotros la cuarta generaci\u00f3n propiedad de la casa. Do\u00f1a Concha Coderch, esposa de Pere Jubert, oriunda de Madrid, disfrut\u00f3 de la casa de la mano de su marido Pere Jubert, gran navegamente y muy amigo [&hellip;]\" \/>\n<meta property=\"og:url\" content=\"https:\/\/apartmentscasaconcha.com\/fr\/historia\/\" \/>\n<meta property=\"og:site_name\" content=\"Apartments Casa Concha\" \/>\n<meta property=\"article:modified_time\" content=\"2026-02-06T18:15:12+00:00\" \/>\n<meta property=\"og:image\" content=\"http:\/\/apartmentscasaconcha.com\/wp-content\/uploads\/2022\/05\/bannerh.jpg\" \/>\n<meta name=\"twitter:card\" content=\"summary_large_image\" \/>\n<meta name=\"twitter:label1\" content=\"Dur\u00e9e de lecture estim\u00e9e\" \/>\n\t<meta name=\"twitter:data1\" content=\"4 minutes\" \/>\n<script type=\"application\/ld+json\" class=\"yoast-schema-graph\">{\"@context\":\"https:\/\/schema.org\",\"@graph\":[{\"@type\":\"WebPage\",\"@id\":\"https:\/\/apartmentscasaconcha.com\/fr\/historia\/\",\"url\":\"https:\/\/apartmentscasaconcha.com\/fr\/historia\/\",\"name\":\"Historia - Apartments Casa Concha\",\"isPartOf\":{\"@id\":\"https:\/\/apartmentscasaconcha.com\/fr\/#website\"},\"primaryImageOfPage\":{\"@id\":\"https:\/\/apartmentscasaconcha.com\/fr\/historia\/#primaryimage\"},\"image\":{\"@id\":\"https:\/\/apartmentscasaconcha.com\/fr\/historia\/#primaryimage\"},\"thumbnailUrl\":\"http:\/\/apartmentscasaconcha.com\/wp-content\/uploads\/2022\/05\/bannerh.jpg\",\"datePublished\":\"2022-05-18T09:32:08+00:00\",\"dateModified\":\"2026-02-06T18:15:12+00:00\",\"breadcrumb\":{\"@id\":\"https:\/\/apartmentscasaconcha.com\/fr\/historia\/#breadcrumb\"},\"inLanguage\":\"fr-FR\",\"potentialAction\":[{\"@type\":\"ReadAction\",\"target\":[\"https:\/\/apartmentscasaconcha.com\/fr\/historia\/\"]}]},{\"@type\":\"ImageObject\",\"inLanguage\":\"fr-FR\",\"@id\":\"https:\/\/apartmentscasaconcha.com\/fr\/historia\/#primaryimage\",\"url\":\"http:\/\/apartmentscasaconcha.com\/wp-content\/uploads\/2022\/05\/bannerh.jpg\",\"contentUrl\":\"http:\/\/apartmentscasaconcha.com\/wp-content\/uploads\/2022\/05\/bannerh.jpg\"},{\"@type\":\"BreadcrumbList\",\"@id\":\"https:\/\/apartmentscasaconcha.com\/fr\/historia\/#breadcrumb\",\"itemListElement\":[{\"@type\":\"ListItem\",\"position\":1,\"name\":\"Portada\",\"item\":\"https:\/\/apartmentscasaconcha.com\/fr\/\"},{\"@type\":\"ListItem\",\"position\":2,\"name\":\"Historia\"}]},{\"@type\":\"WebSite\",\"@id\":\"https:\/\/apartmentscasaconcha.com\/fr\/#website\",\"url\":\"https:\/\/apartmentscasaconcha.com\/fr\/\",\"name\":\"Apartments Casa Concha\",\"description\":\"Apartamentos en primera l\u00ednea de mar en Calella de Palafrugell\",\"potentialAction\":[{\"@type\":\"SearchAction\",\"target\":{\"@type\":\"EntryPoint\",\"urlTemplate\":\"https:\/\/apartmentscasaconcha.com\/fr\/?s={search_term_string}\"},\"query-input\":{\"@type\":\"PropertyValueSpecification\",\"valueRequired\":true,\"valueName\":\"search_term_string\"}}],\"inLanguage\":\"fr-FR\"}]}<\/script>\n<!-- \/ Yoast SEO plugin. -->","yoast_head_json":{"title":"Historia - Apartments Casa Concha","robots":{"index":"index","follow":"follow","max-snippet":"max-snippet:-1","max-image-preview":"max-image-preview:large","max-video-preview":"max-video-preview:-1"},"canonical":"https:\/\/apartmentscasaconcha.com\/fr\/historia\/","og_locale":"fr_FR","og_type":"article","og_title":"Historia - Apartments Casa Concha","og_description":"Casa Concha fue construida por el empresario del corcho Manel Jubert de Palafrugell en 1915 como casa de verano, siendo nosotros la cuarta generaci\u00f3n propiedad de la casa. Do\u00f1a Concha Coderch, esposa de Pere Jubert, oriunda de Madrid, disfrut\u00f3 de la casa de la mano de su marido Pere Jubert, gran navegamente y muy amigo [&hellip;]","og_url":"https:\/\/apartmentscasaconcha.com\/fr\/historia\/","og_site_name":"Apartments Casa Concha","article_modified_time":"2026-02-06T18:15:12+00:00","og_image":[{"url":"http:\/\/apartmentscasaconcha.com\/wp-content\/uploads\/2022\/05\/bannerh.jpg","type":"","width":"","height":""}],"twitter_card":"summary_large_image","twitter_misc":{"Dur\u00e9e de lecture estim\u00e9e":"4 minutes"},"schema":{"@context":"https:\/\/schema.org","@graph":[{"@type":"WebPage","@id":"https:\/\/apartmentscasaconcha.com\/fr\/historia\/","url":"https:\/\/apartmentscasaconcha.com\/fr\/historia\/","name":"Historia - Apartments Casa Concha","isPartOf":{"@id":"https:\/\/apartmentscasaconcha.com\/fr\/#website"},"primaryImageOfPage":{"@id":"https:\/\/apartmentscasaconcha.com\/fr\/historia\/#primaryimage"},"image":{"@id":"https:\/\/apartmentscasaconcha.com\/fr\/historia\/#primaryimage"},"thumbnailUrl":"http:\/\/apartmentscasaconcha.com\/wp-content\/uploads\/2022\/05\/bannerh.jpg","datePublished":"2022-05-18T09:32:08+00:00","dateModified":"2026-02-06T18:15:12+00:00","breadcrumb":{"@id":"https:\/\/apartmentscasaconcha.com\/fr\/historia\/#breadcrumb"},"inLanguage":"fr-FR","potentialAction":[{"@type":"ReadAction","target":["https:\/\/apartmentscasaconcha.com\/fr\/historia\/"]}]},{"@type":"ImageObject","inLanguage":"fr-FR","@id":"https:\/\/apartmentscasaconcha.com\/fr\/historia\/#primaryimage","url":"http:\/\/apartmentscasaconcha.com\/wp-content\/uploads\/2022\/05\/bannerh.jpg","contentUrl":"http:\/\/apartmentscasaconcha.com\/wp-content\/uploads\/2022\/05\/bannerh.jpg"},{"@type":"BreadcrumbList","@id":"https:\/\/apartmentscasaconcha.com\/fr\/historia\/#breadcrumb","itemListElement":[{"@type":"ListItem","position":1,"name":"Portada","item":"https:\/\/apartmentscasaconcha.com\/fr\/"},{"@type":"ListItem","position":2,"name":"Historia"}]},{"@type":"WebSite","@id":"https:\/\/apartmentscasaconcha.com\/fr\/#website","url":"https:\/\/apartmentscasaconcha.com\/fr\/","name":"Apartments Casa Concha","description":"Apartamentos en primera l\u00ednea de mar en Calella de Palafrugell","potentialAction":[{"@type":"SearchAction","target":{"@type":"EntryPoint","urlTemplate":"https:\/\/apartmentscasaconcha.com\/fr\/?s={search_term_string}"},"query-input":{"@type":"PropertyValueSpecification","valueRequired":true,"valueName":"search_term_string"}}],"inLanguage":"fr-FR"}]}},"_links":{"self":[{"href":"https:\/\/apartmentscasaconcha.com\/fr\/wp-json\/wp\/v2\/pages\/2697","targetHints":{"allow":["GET"]}}],"collection":[{"href":"https:\/\/apartmentscasaconcha.com\/fr\/wp-json\/wp\/v2\/pages"}],"about":[{"href":"https:\/\/apartmentscasaconcha.com\/fr\/wp-json\/wp\/v2\/types\/page"}],"author":[{"embeddable":true,"href":"https:\/\/apartmentscasaconcha.com\/fr\/wp-json\/wp\/v2\/users\/1"}],"replies":[{"embeddable":true,"href":"https:\/\/apartmentscasaconcha.com\/fr\/wp-json\/wp\/v2\/comments?post=2697"}],"version-history":[{"count":17,"href":"https:\/\/apartmentscasaconcha.com\/fr\/wp-json\/wp\/v2\/pages\/2697\/revisions"}],"predecessor-version":[{"id":5044,"href":"https:\/\/apartmentscasaconcha.com\/fr\/wp-json\/wp\/v2\/pages\/2697\/revisions\/5044"}],"wp:attachment":[{"href":"https:\/\/apartmentscasaconcha.com\/fr\/wp-json\/wp\/v2\/media?parent=2697"}],"curies":[{"name":"wp","href":"https:\/\/api.w.org\/{rel}","templated":true}]}}