{"id":1302,"date":"2022-05-06T15:58:39","date_gmt":"2022-05-06T13:58:39","guid":{"rendered":"http:\/\/apartmentscasaconcha.com\/contacto\/"},"modified":"2025-02-03T17:20:13","modified_gmt":"2025-02-03T16:20:13","slug":"contacte","status":"publish","type":"page","link":"https:\/\/apartmentscasaconcha.com\/ca\/contacte\/","title":{"rendered":"Contacte"},"content":{"rendered":"\t\t<div data-elementor-type=\"wp-page\" data-elementor-id=\"1302\" class=\"elementor elementor-1302 elementor-1300\" data-elementor-post-type=\"page\">\n\t\t\t\t\t\t<section class=\"elementor-section elementor-top-section elementor-element elementor-element-86bad7a elementor-section-full_width elementor-section-height-default elementor-section-height-default\" data-id=\"86bad7a\" data-element_type=\"section\" data-e-type=\"section\" data-settings=\"{&quot;jet_parallax_layout_list&quot;:[]}\">\n\t\t\t\t\t\t<div class=\"elementor-container elementor-column-gap-no\">\n\t\t\t\t\t<div class=\"elementor-column elementor-col-100 elementor-top-column elementor-element elementor-element-9425a35\" data-id=\"9425a35\" data-element_type=\"column\" data-e-type=\"column\">\n\t\t\t<div class=\"elementor-widget-wrap elementor-element-populated\">\n\t\t\t\t\t\t<div class=\"elementor-element elementor-element-e886647 elementor-widget elementor-widget-google_maps\" data-id=\"e886647\" data-element_type=\"widget\" data-e-type=\"widget\" data-widget_type=\"google_maps.default\">\n\t\t\t\t<div class=\"elementor-widget-container\">\n\t\t\t\t\t\t\t<div class=\"elementor-custom-embed\">\n\t\t\t<iframe loading=\"lazy\"\n\t\t\t\t\tsrc=\"https:\/\/www.google.com\/maps\/embed\/v1\/place?key=AIzaSyCnAsbTCErx34Tom2LZJ2_d7ckR1jgSJGM&#038;q=41.8889606%2C3.1882874&#038;zoom=10\"\n\t\t\t\t\ttitle=\"41.8889606,3.1882874\"\n\t\t\t\t\taria-label=\"41.8889606,3.1882874\"\n\t\t\t><\/iframe>\n\t\t<\/div>\n\t\t\t\t\t\t<\/div>\n\t\t\t\t<\/div>\n\t\t\t\t\t<\/div>\n\t\t<\/div>\n\t\t\t\t\t<\/div>\n\t\t<\/section>\n\t\t\t\t<section class=\"elementor-section elementor-top-section elementor-element elementor-element-3635a28 elementor-section-boxed elementor-section-height-default elementor-section-height-default\" data-id=\"3635a28\" data-element_type=\"section\" data-e-type=\"section\" data-settings=\"{&quot;jet_parallax_layout_list&quot;:[]}\">\n\t\t\t\t\t\t<div class=\"elementor-container elementor-column-gap-wider\">\n\t\t\t\t\t<div class=\"elementor-column elementor-col-50 elementor-top-column elementor-element elementor-element-1079e2d\" data-id=\"1079e2d\" data-element_type=\"column\" data-e-type=\"column\">\n\t\t\t<div class=\"elementor-widget-wrap elementor-element-populated\">\n\t\t\t\t\t\t<div class=\"elementor-element elementor-element-750efbd elementor-widget elementor-widget-heading\" data-id=\"750efbd\" data-element_type=\"widget\" data-e-type=\"widget\" data-widget_type=\"heading.default\">\n\t\t\t\t<div class=\"elementor-widget-container\">\n\t\t\t\t\t<h2 class=\"elementor-heading-title elementor-size-default\">LOCALITZACI\u00d3<\/h2>\t\t\t\t<\/div>\n\t\t\t\t<\/div>\n\t\t\t\t<div class=\"elementor-element elementor-element-c177dd6 elementor-widget elementor-widget-text-editor\" data-id=\"c177dd6\" data-element_type=\"widget\" data-e-type=\"widget\" data-widget_type=\"text-editor.default\">\n\t\t\t\t<div class=\"elementor-widget-container\">\n\t\t\t\t\t\t\t\t\t<p><strong>Coordenades GPS (Google Maps)<\/strong><\/p><p>41.8889606 | 3.1882874<\/p><p><strong>Ubicaci\u00f3 d&#8217;Apartamentos Casa Concha<\/strong><\/p><p>Passeig de la Torre, n 8-10 | 17210 Calella de Palafrugell<br \/>Tel. +34 653 549 985<br \/>E-mail: <a href=\"mailto:hola@wehostcostabrava.com\">hola@wehostcostabrava.com<\/a><\/p><p>Situada al Baix Empord\u00e0, a la provincia de Girona, Calella \u00e9s un petit poble de pescadors que pertany a Palafrugell, un nucli urb\u00e0 que conserva aquell aire bohemi de la Costa Brava. Resulta inspirador rec\u00f3rrer-la durant els dies d\u2019hivern, per la seva quietud, i fins i tot els dies que hi ha temporal (amb el vent de tramontana), per\u00f2 brilla especialment a la primavera i amb l\u2019arribada de l\u2019estiu ja est\u00e0 lluent.<\/p>\t\t\t\t\t\t\t\t<\/div>\n\t\t\t\t<\/div>\n\t\t\t\t\t<\/div>\n\t\t<\/div>\n\t\t\t\t<div class=\"elementor-column elementor-col-50 elementor-top-column elementor-element elementor-element-b368daa\" data-id=\"b368daa\" data-element_type=\"column\" data-e-type=\"column\">\n\t\t\t<div class=\"elementor-widget-wrap elementor-element-populated\">\n\t\t\t\t\t\t<div class=\"elementor-element elementor-element-2233695 elementor-widget elementor-widget-heading\" data-id=\"2233695\" data-element_type=\"widget\" data-e-type=\"widget\" data-widget_type=\"heading.default\">\n\t\t\t\t<div class=\"elementor-widget-container\">\n\t\t\t\t\t<h2 class=\"elementor-heading-title elementor-size-default\">CONTACTI AMB NOSALTRES<\/h2>\t\t\t\t<\/div>\n\t\t\t\t<\/div>\n\t\t\t\t<div class=\"elementor-element elementor-element-90899d5 elementor-button-align-stretch elementor-widget elementor-widget-form\" data-id=\"90899d5\" data-element_type=\"widget\" data-e-type=\"widget\" data-settings=\"{&quot;step_next_label&quot;:&quot;Siguiente&quot;,&quot;step_previous_label&quot;:&quot;Anterior&quot;,&quot;button_width&quot;:&quot;100&quot;,&quot;step_type&quot;:&quot;number_text&quot;,&quot;step_icon_shape&quot;:&quot;circle&quot;}\" data-widget_type=\"form.default\">\n\t\t\t\t<div class=\"elementor-widget-container\">\n\t\t\t\t\t\t\t<form class=\"elementor-form\" method=\"post\" name=\"Contacto\" aria-label=\"Contacto\">\n\t\t\t<input type=\"hidden\" name=\"post_id\" value=\"1302\"\/>\n\t\t\t<input type=\"hidden\" name=\"form_id\" value=\"90899d5\"\/>\n\t\t\t<input type=\"hidden\" name=\"referer_title\" value=\"Apartments Casa Concha\" \/>\n\n\t\t\t\n\t\t\t<div class=\"elementor-form-fields-wrapper elementor-labels-\">\n\t\t\t\t\t\t\t\t<div class=\"elementor-field-type-text elementor-field-group elementor-column elementor-field-group-name elementor-col-100 elementor-field-required\">\n\t\t\t\t\t\t\t\t\t\t\t\t<label for=\"form-field-name\" class=\"elementor-field-label elementor-screen-only\">\n\t\t\t\t\t\t\t\tNom\t\t\t\t\t\t\t<\/label>\n\t\t\t\t\t\t\t\t\t\t\t\t\t\t<input size=\"1\" type=\"text\" name=\"form_fields[name]\" id=\"form-field-name\" class=\"elementor-field elementor-size-sm  elementor-field-textual\" placeholder=\"Nom i cognoms\" required=\"required\">\n\t\t\t\t\t\t\t\t\t\t\t<\/div>\n\t\t\t\t\t\t\t\t<div class=\"elementor-field-type-email elementor-field-group elementor-column elementor-field-group-email elementor-col-50 elementor-field-required\">\n\t\t\t\t\t\t\t\t\t\t\t\t<label for=\"form-field-email\" class=\"elementor-field-label elementor-screen-only\">\n\t\t\t\t\t\t\t\tCorreu electr\u00f2nic\t\t\t\t\t\t\t<\/label>\n\t\t\t\t\t\t\t\t\t\t\t\t\t\t<input size=\"1\" type=\"email\" name=\"form_fields[email]\" id=\"form-field-email\" class=\"elementor-field elementor-size-sm  elementor-field-textual\" placeholder=\"Correu electr\u00f2nic\" required=\"required\">\n\t\t\t\t\t\t\t\t\t\t\t<\/div>\n\t\t\t\t\t\t\t\t<div class=\"elementor-field-type-tel elementor-field-group elementor-column elementor-field-group-field_0215d3f elementor-col-50 elementor-field-required\">\n\t\t\t\t\t\t\t\t\t\t\t\t<label for=\"form-field-field_0215d3f\" class=\"elementor-field-label elementor-screen-only\">\n\t\t\t\t\t\t\t\tTel\u00e8fon\t\t\t\t\t\t\t<\/label>\n\t\t\t\t\t\t\t\t<input size=\"1\" type=\"tel\" name=\"form_fields[field_0215d3f]\" id=\"form-field-field_0215d3f\" class=\"elementor-field elementor-size-sm  elementor-field-textual\" placeholder=\"Tel\u00e8fon\" required=\"required\" pattern=\"[0-9()#&amp;+*-=.]+\" title=\"Only numbers and phone characters (#, -, *, etc) are accepted.\">\n\n\t\t\t\t\t\t<\/div>\n\t\t\t\t\t\t\t\t<div class=\"elementor-field-type-textarea elementor-field-group elementor-column elementor-field-group-message elementor-col-100\">\n\t\t\t\t\t\t\t\t\t\t\t\t<label for=\"form-field-message\" class=\"elementor-field-label elementor-screen-only\">\n\t\t\t\t\t\t\t\tMissatge\t\t\t\t\t\t\t<\/label>\n\t\t\t\t\t\t<textarea class=\"elementor-field-textual elementor-field  elementor-size-sm\" name=\"form_fields[message]\" id=\"form-field-message\" rows=\"4\" placeholder=\"Missatge\"><\/textarea>\t\t\t\t<\/div>\n\t\t\t\t\t\t\t\t<div class=\"elementor-field-type-checkbox elementor-field-group elementor-column elementor-field-group-field_ec97ebc elementor-col-100\">\n\t\t\t\t\t<div class=\"elementor-field-subgroup  \"><span class=\"elementor-field-option\"><input type=\"checkbox\" value=\"Accepto el tractament de les meves dades personals especificat a la Pol\u00edtica de privacitat i protecci\u00f3 de dades.\" id=\"form-field-field_ec97ebc-0\" name=\"form_fields[field_ec97ebc]\"> <label for=\"form-field-field_ec97ebc-0\">Accepto el tractament de les meves dades personals especificat a la Pol\u00edtica de privacitat i protecci\u00f3 de dades.<\/label><\/span><\/div>\t\t\t\t<\/div>\n\t\t\t\t\t\t\t\t<div class=\"elementor-field-type-recaptcha_v3 elementor-field-group elementor-column elementor-field-group-field_cb91038 elementor-col-100 recaptcha_v3-bottomright\">\n\t\t\t\t\t<div class=\"elementor-field\" id=\"form-field-field_cb91038\"><div class=\"elementor-g-recaptcha\" data-sitekey=\"6Lfmn58qAAAAAIBm_Q0kBcfDXYN3LGbZXRogI-Ev\" data-type=\"v3\" data-action=\"Form\" data-badge=\"bottomright\" data-size=\"invisible\"><\/div><\/div>\t\t\t\t<\/div>\n\t\t\t\t\t\t\t\t<div class=\"elementor-field-group elementor-column elementor-field-type-submit elementor-col-100 e-form__buttons\">\n\t\t\t\t\t<button class=\"elementor-button elementor-size-sm\" type=\"submit\">\n\t\t\t\t\t\t<span class=\"elementor-button-content-wrapper\">\n\t\t\t\t\t\t\t\t\t\t\t\t\t\t\t\t\t\t\t\t\t\t<span class=\"elementor-button-text\">Enviar<\/span>\n\t\t\t\t\t\t\t\t\t\t\t\t\t<\/span>\n\t\t\t\t\t<\/button>\n\t\t\t\t<\/div>\n\t\t\t<\/div>\n\t\t<\/form>\n\t\t\t\t\t\t<\/div>\n\t\t\t\t<\/div>\n\t\t\t\t\t<\/div>\n\t\t<\/div>\n\t\t\t\t\t<\/div>\n\t\t<\/section>\n\t\t\t\t<\/div>\n\t\t","protected":false},"excerpt":{"rendered":"<p>LOCALITZACI\u00d3 Coordenades GPS (Google Maps) 41.8889606 | 3.1882874 Ubicaci\u00f3 d&#8217;Apartamentos Casa Concha Passeig de la Torre, n 8-10 | 17210 Calella de PalafrugellTel. +34 653 549 985E-mail: hola@wehostcostabrava.com Situada al Baix Empord\u00e0, a la provincia de Girona, Calella \u00e9s un petit poble de pescadors que pertany a Palafrugell, un nucli urb\u00e0 que conserva aquell aire [&hellip;]<\/p>\n","protected":false},"author":1,"featured_media":0,"parent":0,"menu_order":0,"comment_status":"closed","ping_status":"closed","template":"","meta":{"footnotes":""},"class_list":["post-1302","page","type-page","status-publish","hentry"],"yoast_head":"<!-- This site is optimized with the Yoast SEO plugin v26.9 - https:\/\/yoast.com\/product\/yoast-seo-wordpress\/ -->\n<title>Contacte - Apartments Casa Concha<\/title>\n<meta name=\"robots\" content=\"index, follow, max-snippet:-1, max-image-preview:large, max-video-preview:-1\" \/>\n<link rel=\"canonical\" href=\"https:\/\/apartmentscasaconcha.com\/ca\/contacte\/\" \/>\n<meta property=\"og:locale\" content=\"ca_ES\" \/>\n<meta property=\"og:type\" content=\"article\" \/>\n<meta property=\"og:title\" content=\"Contacte - Apartments Casa Concha\" \/>\n<meta property=\"og:description\" content=\"LOCALITZACI\u00d3 Coordenades GPS (Google Maps) 41.8889606 | 3.1882874 Ubicaci\u00f3 d&#8217;Apartamentos Casa Concha Passeig de la Torre, n 8-10 | 17210 Calella de PalafrugellTel. +34 653 549 985E-mail: hola@wehostcostabrava.com Situada al Baix Empord\u00e0, a la provincia de Girona, Calella \u00e9s un petit poble de pescadors que pertany a Palafrugell, un nucli urb\u00e0 que conserva aquell aire [&hellip;]\" \/>\n<meta property=\"og:url\" content=\"https:\/\/apartmentscasaconcha.com\/ca\/contacte\/\" \/>\n<meta property=\"og:site_name\" content=\"Apartments Casa Concha\" \/>\n<meta property=\"article:modified_time\" content=\"2025-02-03T16:20:13+00:00\" \/>\n<meta name=\"twitter:card\" content=\"summary_large_image\" \/>\n<script type=\"application\/ld+json\" class=\"yoast-schema-graph\">{\"@context\":\"https:\/\/schema.org\",\"@graph\":[{\"@type\":\"WebPage\",\"@id\":\"https:\/\/apartmentscasaconcha.com\/ca\/contacte\/\",\"url\":\"https:\/\/apartmentscasaconcha.com\/ca\/contacte\/\",\"name\":\"Contacte - Apartments Casa Concha\",\"isPartOf\":{\"@id\":\"https:\/\/apartmentscasaconcha.com\/ca\/#website\"},\"datePublished\":\"2022-05-06T13:58:39+00:00\",\"dateModified\":\"2025-02-03T16:20:13+00:00\",\"breadcrumb\":{\"@id\":\"https:\/\/apartmentscasaconcha.com\/ca\/contacte\/#breadcrumb\"},\"inLanguage\":\"ca\",\"potentialAction\":[{\"@type\":\"ReadAction\",\"target\":[\"https:\/\/apartmentscasaconcha.com\/ca\/contacte\/\"]}]},{\"@type\":\"BreadcrumbList\",\"@id\":\"https:\/\/apartmentscasaconcha.com\/ca\/contacte\/#breadcrumb\",\"itemListElement\":[{\"@type\":\"ListItem\",\"position\":1,\"name\":\"Portada\",\"item\":\"https:\/\/apartmentscasaconcha.com\/ca\/\"},{\"@type\":\"ListItem\",\"position\":2,\"name\":\"Contacte\"}]},{\"@type\":\"WebSite\",\"@id\":\"https:\/\/apartmentscasaconcha.com\/ca\/#website\",\"url\":\"https:\/\/apartmentscasaconcha.com\/ca\/\",\"name\":\"Apartments Casa Concha\",\"description\":\"Apartamentos en primera l\u00ednea de mar en Calella de Palafrugell\",\"potentialAction\":[{\"@type\":\"SearchAction\",\"target\":{\"@type\":\"EntryPoint\",\"urlTemplate\":\"https:\/\/apartmentscasaconcha.com\/ca\/?s={search_term_string}\"},\"query-input\":{\"@type\":\"PropertyValueSpecification\",\"valueRequired\":true,\"valueName\":\"search_term_string\"}}],\"inLanguage\":\"ca\"}]}<\/script>\n<!-- \/ Yoast SEO plugin. -->","yoast_head_json":{"title":"Contacte - Apartments Casa Concha","robots":{"index":"index","follow":"follow","max-snippet":"max-snippet:-1","max-image-preview":"max-image-preview:large","max-video-preview":"max-video-preview:-1"},"canonical":"https:\/\/apartmentscasaconcha.com\/ca\/contacte\/","og_locale":"ca_ES","og_type":"article","og_title":"Contacte - Apartments Casa Concha","og_description":"LOCALITZACI\u00d3 Coordenades GPS (Google Maps) 41.8889606 | 3.1882874 Ubicaci\u00f3 d&#8217;Apartamentos Casa Concha Passeig de la Torre, n 8-10 | 17210 Calella de PalafrugellTel. +34 653 549 985E-mail: hola@wehostcostabrava.com Situada al Baix Empord\u00e0, a la provincia de Girona, Calella \u00e9s un petit poble de pescadors que pertany a Palafrugell, un nucli urb\u00e0 que conserva aquell aire [&hellip;]","og_url":"https:\/\/apartmentscasaconcha.com\/ca\/contacte\/","og_site_name":"Apartments Casa Concha","article_modified_time":"2025-02-03T16:20:13+00:00","twitter_card":"summary_large_image","schema":{"@context":"https:\/\/schema.org","@graph":[{"@type":"WebPage","@id":"https:\/\/apartmentscasaconcha.com\/ca\/contacte\/","url":"https:\/\/apartmentscasaconcha.com\/ca\/contacte\/","name":"Contacte - Apartments Casa Concha","isPartOf":{"@id":"https:\/\/apartmentscasaconcha.com\/ca\/#website"},"datePublished":"2022-05-06T13:58:39+00:00","dateModified":"2025-02-03T16:20:13+00:00","breadcrumb":{"@id":"https:\/\/apartmentscasaconcha.com\/ca\/contacte\/#breadcrumb"},"inLanguage":"ca","potentialAction":[{"@type":"ReadAction","target":["https:\/\/apartmentscasaconcha.com\/ca\/contacte\/"]}]},{"@type":"BreadcrumbList","@id":"https:\/\/apartmentscasaconcha.com\/ca\/contacte\/#breadcrumb","itemListElement":[{"@type":"ListItem","position":1,"name":"Portada","item":"https:\/\/apartmentscasaconcha.com\/ca\/"},{"@type":"ListItem","position":2,"name":"Contacte"}]},{"@type":"WebSite","@id":"https:\/\/apartmentscasaconcha.com\/ca\/#website","url":"https:\/\/apartmentscasaconcha.com\/ca\/","name":"Apartments Casa Concha","description":"Apartamentos en primera l\u00ednea de mar en Calella de Palafrugell","potentialAction":[{"@type":"SearchAction","target":{"@type":"EntryPoint","urlTemplate":"https:\/\/apartmentscasaconcha.com\/ca\/?s={search_term_string}"},"query-input":{"@type":"PropertyValueSpecification","valueRequired":true,"valueName":"search_term_string"}}],"inLanguage":"ca"}]}},"_links":{"self":[{"href":"https:\/\/apartmentscasaconcha.com\/ca\/wp-json\/wp\/v2\/pages\/1302","targetHints":{"allow":["GET"]}}],"collection":[{"href":"https:\/\/apartmentscasaconcha.com\/ca\/wp-json\/wp\/v2\/pages"}],"about":[{"href":"https:\/\/apartmentscasaconcha.com\/ca\/wp-json\/wp\/v2\/types\/page"}],"author":[{"embeddable":true,"href":"https:\/\/apartmentscasaconcha.com\/ca\/wp-json\/wp\/v2\/users\/1"}],"replies":[{"embeddable":true,"href":"https:\/\/apartmentscasaconcha.com\/ca\/wp-json\/wp\/v2\/comments?post=1302"}],"version-history":[{"count":62,"href":"https:\/\/apartmentscasaconcha.com\/ca\/wp-json\/wp\/v2\/pages\/1302\/revisions"}],"predecessor-version":[{"id":4870,"href":"https:\/\/apartmentscasaconcha.com\/ca\/wp-json\/wp\/v2\/pages\/1302\/revisions\/4870"}],"wp:attachment":[{"href":"https:\/\/apartmentscasaconcha.com\/ca\/wp-json\/wp\/v2\/media?parent=1302"}],"curies":[{"name":"wp","href":"https:\/\/api.w.org\/{rel}","templated":true}]}}